{"id":19544,"date":"2026-01-20T11:46:53","date_gmt":"2026-01-20T10:46:53","guid":{"rendered":"https:\/\/conversaspanishinstitute.com\/?post_type=product&#038;p=19544"},"modified":"2026-01-20T11:48:36","modified_gmt":"2026-01-20T10:48:36","slug":"cursos-de-espanol-de-larga-duracion-20-semanas","status":"publish","type":"product","link":"https:\/\/conversaspanishinstitute.com\/pl\/produkt\/cursos-de-espanol-de-larga-duracion-20-semanas\/","title":{"rendered":"Kursy j\u0119zyka hiszpa\u0144skiego o d\u0142ugim czasie trwania | 24 semanas"},"content":{"rendered":"<p>Kurs sk\u0142ada si\u0119 z\u00a0<strong>20 godzin<\/strong>\u00a0por semana durante<strong> 20 semanas <\/strong>w tym materia\u0142y i wspania\u0142y pakiet powitalny.<\/p>","protected":false},"excerpt":{"rendered":"<p>Curso espa\u00f1ol 20h\/semana &#8211; 20 semanas<\/p>","protected":false},"featured_media":17381,"comment_status":"open","ping_status":"closed","template":"","meta":{"_acf_changed":false},"product_brand":[],"product_cat":[603],"product_tag":[],"class_list":{"0":"post-19544","1":"product","2":"type-product","3":"status-publish","4":"has-post-thumbnail","6":"product_cat-curso-larga-duracion","8":"first","9":"instock","10":"purchasable","11":"product-type-simple"},"acf":[],"jetpack_sharing_enabled":true,"_links":{"self":[{"href":"https:\/\/conversaspanishinstitute.com\/pl\/wp-json\/wp\/v2\/product\/19544","targetHints":{"allow":["GET"]}}],"collection":[{"href":"https:\/\/conversaspanishinstitute.com\/pl\/wp-json\/wp\/v2\/product"}],"about":[{"href":"https:\/\/conversaspanishinstitute.com\/pl\/wp-json\/wp\/v2\/types\/product"}],"replies":[{"embeddable":true,"href":"https:\/\/conversaspanishinstitute.com\/pl\/wp-json\/wp\/v2\/comments?post=19544"}],"version-history":[{"count":1,"href":"https:\/\/conversaspanishinstitute.com\/pl\/wp-json\/wp\/v2\/product\/19544\/revisions"}],"predecessor-version":[{"id":19545,"href":"https:\/\/conversaspanishinstitute.com\/pl\/wp-json\/wp\/v2\/product\/19544\/revisions\/19545"}],"wp:featuredmedia":[{"embeddable":true,"href":"https:\/\/conversaspanishinstitute.com\/pl\/wp-json\/wp\/v2\/media\/17381"}],"wp:attachment":[{"href":"https:\/\/conversaspanishinstitute.com\/pl\/wp-json\/wp\/v2\/media?parent=19544"}],"wp:term":[{"taxonomy":"product_brand","embeddable":true,"href":"https:\/\/conversaspanishinstitute.com\/pl\/wp-json\/wp\/v2\/product_brand?post=19544"},{"taxonomy":"product_cat","embeddable":true,"href":"https:\/\/conversaspanishinstitute.com\/pl\/wp-json\/wp\/v2\/product_cat?post=19544"},{"taxonomy":"product_tag","embeddable":true,"href":"https:\/\/conversaspanishinstitute.com\/pl\/wp-json\/wp\/v2\/product_tag?post=19544"}],"curies":[{"name":"wp","href":"https:\/\/api.w.org\/{rel}","templated":true}]}}