{"id":19737,"date":"2026-03-16T12:47:37","date_gmt":"2026-03-16T11:47:37","guid":{"rendered":"https:\/\/conversaspanishinstitute.com\/?post_type=product&#038;p=19737"},"modified":"2026-03-20T11:01:31","modified_gmt":"2026-03-20T10:01:31","slug":"curso-de-espanol-intensivo-de-larga-duracion-14semanas","status":"publish","type":"product","link":"https:\/\/conversaspanishinstitute.com\/pl\/produkt\/curso-de-espanol-intensivo-de-larga-duracion-14semanas\/","title":{"rendered":"Curso de espa\u00f1ol intensivo de larga duraci\u00f3n 14 semanas"},"content":{"rendered":"<p>Kurs sk\u0142ada si\u0119 z\u00a0<strong>20 godzin<\/strong>\u00a0por semana durante<strong> 18 semanas <\/strong>w tym materia\u0142y i wspania\u0142y pakiet powitalny.<\/p>","protected":false},"excerpt":{"rendered":"<p>Curso espa\u00f1ol 20h\/semana &#8211; 18 semanas<\/p>","protected":false},"featured_media":17381,"comment_status":"open","ping_status":"closed","template":"","meta":{"_acf_changed":false},"product_brand":[],"product_cat":[603],"product_tag":[],"class_list":{"0":"post-19737","1":"product","2":"type-product","3":"status-publish","4":"has-post-thumbnail","6":"product_cat-curso-larga-duracion","8":"first","9":"instock","10":"purchasable","11":"product-type-simple"},"acf":[],"jetpack_sharing_enabled":true,"_links":{"self":[{"href":"https:\/\/conversaspanishinstitute.com\/pl\/wp-json\/wp\/v2\/product\/19737","targetHints":{"allow":["GET"]}}],"collection":[{"href":"https:\/\/conversaspanishinstitute.com\/pl\/wp-json\/wp\/v2\/product"}],"about":[{"href":"https:\/\/conversaspanishinstitute.com\/pl\/wp-json\/wp\/v2\/types\/product"}],"replies":[{"embeddable":true,"href":"https:\/\/conversaspanishinstitute.com\/pl\/wp-json\/wp\/v2\/comments?post=19737"}],"version-history":[{"count":2,"href":"https:\/\/conversaspanishinstitute.com\/pl\/wp-json\/wp\/v2\/product\/19737\/revisions"}],"predecessor-version":[{"id":19744,"href":"https:\/\/conversaspanishinstitute.com\/pl\/wp-json\/wp\/v2\/product\/19737\/revisions\/19744"}],"wp:featuredmedia":[{"embeddable":true,"href":"https:\/\/conversaspanishinstitute.com\/pl\/wp-json\/wp\/v2\/media\/17381"}],"wp:attachment":[{"href":"https:\/\/conversaspanishinstitute.com\/pl\/wp-json\/wp\/v2\/media?parent=19737"}],"wp:term":[{"taxonomy":"product_brand","embeddable":true,"href":"https:\/\/conversaspanishinstitute.com\/pl\/wp-json\/wp\/v2\/product_brand?post=19737"},{"taxonomy":"product_cat","embeddable":true,"href":"https:\/\/conversaspanishinstitute.com\/pl\/wp-json\/wp\/v2\/product_cat?post=19737"},{"taxonomy":"product_tag","embeddable":true,"href":"https:\/\/conversaspanishinstitute.com\/pl\/wp-json\/wp\/v2\/product_tag?post=19737"}],"curies":[{"name":"wp","href":"https:\/\/api.w.org\/{rel}","templated":true}]}}