{"id":6423,"date":"2022-02-15T21:18:13","date_gmt":"2022-02-15T21:18:13","guid":{"rendered":"http:\/\/conversaspanishinstitute.com\/?post_type=product&#038;p=6423"},"modified":"2025-09-04T19:48:53","modified_gmt":"2025-09-04T17:48:53","slug":"curso-extensivo-a2","status":"publish","type":"product","link":"https:\/\/conversaspanishinstitute.com\/pl\/produkt\/curso-extensivo-a2\/","title":{"rendered":"Curso Extensivo A2"},"content":{"rendered":"<p>Cena obejmuje podr\u0119cznik, zaj\u0119cia i materia\u0142y uzupe\u0142niaj\u0105ce, 4 godziny\/semestry specjalne i kurs online. Koszty transferu i zakwaterowania nie s\u0105 wliczone w cen\u0119.<\/p>","protected":false},"excerpt":{"rendered":"<p>Cena obejmuje podr\u0119cznik, zaj\u0119cia i materia\u0142y uzupe\u0142niaj\u0105ce, 4 godziny\/semestry specjalne i kurs online. Koszty transferu i zakwaterowania nie s\u0105 wliczone w cen\u0119.<\/p>","protected":false},"featured_media":16900,"comment_status":"open","ping_status":"closed","template":"","meta":{"_acf_changed":false},"product_brand":[],"product_cat":[267,524],"product_tag":[],"class_list":{"0":"post-6423","1":"product","2":"type-product","3":"status-publish","4":"has-post-thumbnail","6":"product_cat-cursos-extensivos","7":"product_cat-recurrente","9":"first","10":"instock","11":"sale","12":"virtual","13":"taxable","14":"purchasable","15":"product-type-subscription"},"acf":[],"jetpack_sharing_enabled":true,"_links":{"self":[{"href":"https:\/\/conversaspanishinstitute.com\/pl\/wp-json\/wp\/v2\/product\/6423","targetHints":{"allow":["GET"]}}],"collection":[{"href":"https:\/\/conversaspanishinstitute.com\/pl\/wp-json\/wp\/v2\/product"}],"about":[{"href":"https:\/\/conversaspanishinstitute.com\/pl\/wp-json\/wp\/v2\/types\/product"}],"replies":[{"embeddable":true,"href":"https:\/\/conversaspanishinstitute.com\/pl\/wp-json\/wp\/v2\/comments?post=6423"}],"version-history":[{"count":1,"href":"https:\/\/conversaspanishinstitute.com\/pl\/wp-json\/wp\/v2\/product\/6423\/revisions"}],"predecessor-version":[{"id":16652,"href":"https:\/\/conversaspanishinstitute.com\/pl\/wp-json\/wp\/v2\/product\/6423\/revisions\/16652"}],"wp:featuredmedia":[{"embeddable":true,"href":"https:\/\/conversaspanishinstitute.com\/pl\/wp-json\/wp\/v2\/media\/16900"}],"wp:attachment":[{"href":"https:\/\/conversaspanishinstitute.com\/pl\/wp-json\/wp\/v2\/media?parent=6423"}],"wp:term":[{"taxonomy":"product_brand","embeddable":true,"href":"https:\/\/conversaspanishinstitute.com\/pl\/wp-json\/wp\/v2\/product_brand?post=6423"},{"taxonomy":"product_cat","embeddable":true,"href":"https:\/\/conversaspanishinstitute.com\/pl\/wp-json\/wp\/v2\/product_cat?post=6423"},{"taxonomy":"product_tag","embeddable":true,"href":"https:\/\/conversaspanishinstitute.com\/pl\/wp-json\/wp\/v2\/product_tag?post=6423"}],"curies":[{"name":"wp","href":"https:\/\/api.w.org\/{rel}","templated":true}]}}