{"id":6433,"date":"2022-02-15T21:18:13","date_gmt":"2022-02-15T21:18:13","guid":{"rendered":"http:\/\/conversaspanishinstitute.com\/?post_type=product&#038;p=6433"},"modified":"2023-11-22T12:54:57","modified_gmt":"2023-11-22T12:54:57","slug":"curso-extensivo-b2","status":"publish","type":"product","link":"https:\/\/conversaspanishinstitute.com\/pl\/produkt\/curso-extensivo-b2\/","title":{"rendered":"Curso Extensivo B2"},"content":{"rendered":"<p>Cena obejmuje podr\u0119cznik, zaj\u0119cia i materia\u0142y uzupe\u0142niaj\u0105ce, 4 godziny\/semestry specjalne i kurs online. Koszty transferu i zakwaterowania nie s\u0105 wliczone w cen\u0119.<\/p>","protected":false},"excerpt":{"rendered":"<p>Cena obejmuje podr\u0119cznik, zaj\u0119cia i materia\u0142y uzupe\u0142niaj\u0105ce, 4 godziny\/semestry specjalne i kurs online. Koszty transferu i zakwaterowania nie s\u0105 wliczone w cen\u0119.<\/p>","protected":false},"featured_media":0,"comment_status":"open","ping_status":"closed","template":"","meta":{"_acf_changed":false},"product_brand":[],"product_cat":[267,524],"product_tag":[],"class_list":{"0":"post-6433","1":"product","2":"type-product","3":"status-publish","5":"product_cat-cursos-extensivos","6":"product_cat-recurrente","8":"first","9":"instock","10":"taxable","11":"shipping-taxable","12":"purchasable","13":"product-type-variable"},"acf":[],"jetpack_sharing_enabled":true,"_links":{"self":[{"href":"https:\/\/conversaspanishinstitute.com\/pl\/wp-json\/wp\/v2\/product\/6433","targetHints":{"allow":["GET"]}}],"collection":[{"href":"https:\/\/conversaspanishinstitute.com\/pl\/wp-json\/wp\/v2\/product"}],"about":[{"href":"https:\/\/conversaspanishinstitute.com\/pl\/wp-json\/wp\/v2\/types\/product"}],"replies":[{"embeddable":true,"href":"https:\/\/conversaspanishinstitute.com\/pl\/wp-json\/wp\/v2\/comments?post=6433"}],"version-history":[{"count":0,"href":"https:\/\/conversaspanishinstitute.com\/pl\/wp-json\/wp\/v2\/product\/6433\/revisions"}],"wp:attachment":[{"href":"https:\/\/conversaspanishinstitute.com\/pl\/wp-json\/wp\/v2\/media?parent=6433"}],"wp:term":[{"taxonomy":"product_brand","embeddable":true,"href":"https:\/\/conversaspanishinstitute.com\/pl\/wp-json\/wp\/v2\/product_brand?post=6433"},{"taxonomy":"product_cat","embeddable":true,"href":"https:\/\/conversaspanishinstitute.com\/pl\/wp-json\/wp\/v2\/product_cat?post=6433"},{"taxonomy":"product_tag","embeddable":true,"href":"https:\/\/conversaspanishinstitute.com\/pl\/wp-json\/wp\/v2\/product_tag?post=6433"}],"curies":[{"name":"wp","href":"https:\/\/api.w.org\/{rel}","templated":true}]}}