{"id":6438,"date":"2022-02-15T21:18:14","date_gmt":"2022-02-15T21:18:14","guid":{"rendered":"http:\/\/conversaspanishinstitute.com\/?post_type=product&#038;p=6438"},"modified":"2022-06-06T16:42:21","modified_gmt":"2022-06-06T16:42:21","slug":"curso-extensivo-c1","status":"publish","type":"product","link":"https:\/\/conversaspanishinstitute.com\/pl\/produkt\/curso-extensivo-c1\/","title":{"rendered":"Curso Extensivo C1"},"content":{"rendered":"<p>Cena obejmuje podr\u0119cznik, zaj\u0119cia i materia\u0142y uzupe\u0142niaj\u0105ce, 4 godziny\/semestry specjalne i kurs online. Koszty transferu i zakwaterowania nie s\u0105 wliczone w cen\u0119.<\/p>","protected":false},"excerpt":{"rendered":"<p>Cena obejmuje podr\u0119cznik, zaj\u0119cia i materia\u0142y uzupe\u0142niaj\u0105ce, 4 godziny\/semestry specjalne i kurs online. Koszty transferu i zakwaterowania nie s\u0105 wliczone w cen\u0119.<\/p>","protected":false},"featured_media":0,"comment_status":"open","ping_status":"closed","template":"","meta":{"_acf_changed":false},"product_brand":[],"product_cat":[267],"product_tag":[],"class_list":{"0":"post-6438","1":"product","2":"type-product","3":"status-publish","5":"product_cat-cursos-extensivos","7":"first","8":"instock","9":"taxable","10":"shipping-taxable","11":"purchasable","12":"product-type-variable"},"acf":[],"jetpack_sharing_enabled":true,"_links":{"self":[{"href":"https:\/\/conversaspanishinstitute.com\/pl\/wp-json\/wp\/v2\/product\/6438","targetHints":{"allow":["GET"]}}],"collection":[{"href":"https:\/\/conversaspanishinstitute.com\/pl\/wp-json\/wp\/v2\/product"}],"about":[{"href":"https:\/\/conversaspanishinstitute.com\/pl\/wp-json\/wp\/v2\/types\/product"}],"replies":[{"embeddable":true,"href":"https:\/\/conversaspanishinstitute.com\/pl\/wp-json\/wp\/v2\/comments?post=6438"}],"version-history":[{"count":0,"href":"https:\/\/conversaspanishinstitute.com\/pl\/wp-json\/wp\/v2\/product\/6438\/revisions"}],"wp:attachment":[{"href":"https:\/\/conversaspanishinstitute.com\/pl\/wp-json\/wp\/v2\/media?parent=6438"}],"wp:term":[{"taxonomy":"product_brand","embeddable":true,"href":"https:\/\/conversaspanishinstitute.com\/pl\/wp-json\/wp\/v2\/product_brand?post=6438"},{"taxonomy":"product_cat","embeddable":true,"href":"https:\/\/conversaspanishinstitute.com\/pl\/wp-json\/wp\/v2\/product_cat?post=6438"},{"taxonomy":"product_tag","embeddable":true,"href":"https:\/\/conversaspanishinstitute.com\/pl\/wp-json\/wp\/v2\/product_tag?post=6438"}],"curies":[{"name":"wp","href":"https:\/\/api.w.org\/{rel}","templated":true}]}}