{"id":6448,"date":"2022-02-15T21:18:16","date_gmt":"2022-02-15T21:18:16","guid":{"rendered":"http:\/\/conversaspanishinstitute.com\/?post_type=product&#038;p=6448"},"modified":"2022-02-15T21:18:17","modified_gmt":"2022-02-15T21:18:17","slug":"curso-preparacion-dele","status":"publish","type":"product","link":"https:\/\/conversaspanishinstitute.com\/pl\/produkt\/curso-preparacion-dele\/","title":{"rendered":"Curso Preparaci\u00f3n DELE"},"content":{"rendered":"<p>Cena obejmuje podr\u0119cznik, materia\u0142y uzupe\u0142niaj\u0105ce, 5h\/semanales presenciales i curso online.<\/p>\n<ul>\n<li><b>Czas trwania: <\/b>Zgodnie z umow\u0105<\/li>\n<li aria-level=\"1\"><b>Godziny wyk\u0142ad\u00f3w: <\/b>Zgodnie z umow\u0105<\/li>\n<li><b><\/b><b>Precios: <\/b>40 \u20ac\/hora - Bono de 5 clases (185 \u20ac) - Bono de 10 clases (480 \u20ac)<\/li>\n<\/ul>","protected":false},"excerpt":{"rendered":"<p>Cena obejmuje podr\u0119cznik, materia\u0142y uzupe\u0142niaj\u0105ce, 5 godzin\/semestr prezentacji i kurs online. Czas trwania: Zale\u017cnie od zam\u00f3wienia Godziny wyk\u0142ad\u00f3w: W zale\u017cno\u015bci od zam\u00f3wienia Ceny: 40\u20ac\/hora - Bono de 5 clases (185\u20ac) - Bono de 10 clases (480\u20ac)<\/p>","protected":false},"featured_media":0,"comment_status":"open","ping_status":"closed","template":"","meta":{"_acf_changed":false},"product_brand":[],"product_cat":[268],"product_tag":[],"class_list":{"0":"post-6448","1":"product","2":"type-product","3":"status-publish","5":"product_cat-preparacion-dele","7":"first","8":"outofstock","9":"taxable","10":"shipping-taxable","11":"product-type-variable"},"acf":[],"jetpack_sharing_enabled":true,"_links":{"self":[{"href":"https:\/\/conversaspanishinstitute.com\/pl\/wp-json\/wp\/v2\/product\/6448","targetHints":{"allow":["GET"]}}],"collection":[{"href":"https:\/\/conversaspanishinstitute.com\/pl\/wp-json\/wp\/v2\/product"}],"about":[{"href":"https:\/\/conversaspanishinstitute.com\/pl\/wp-json\/wp\/v2\/types\/product"}],"replies":[{"embeddable":true,"href":"https:\/\/conversaspanishinstitute.com\/pl\/wp-json\/wp\/v2\/comments?post=6448"}],"version-history":[{"count":0,"href":"https:\/\/conversaspanishinstitute.com\/pl\/wp-json\/wp\/v2\/product\/6448\/revisions"}],"wp:attachment":[{"href":"https:\/\/conversaspanishinstitute.com\/pl\/wp-json\/wp\/v2\/media?parent=6448"}],"wp:term":[{"taxonomy":"product_brand","embeddable":true,"href":"https:\/\/conversaspanishinstitute.com\/pl\/wp-json\/wp\/v2\/product_brand?post=6448"},{"taxonomy":"product_cat","embeddable":true,"href":"https:\/\/conversaspanishinstitute.com\/pl\/wp-json\/wp\/v2\/product_cat?post=6448"},{"taxonomy":"product_tag","embeddable":true,"href":"https:\/\/conversaspanishinstitute.com\/pl\/wp-json\/wp\/v2\/product_tag?post=6448"}],"curies":[{"name":"wp","href":"https:\/\/api.w.org\/{rel}","templated":true}]}}