{"id":6460,"date":"2022-02-15T21:18:16","date_gmt":"2022-02-15T21:18:16","guid":{"rendered":"http:\/\/conversaspanishinstitute.com\/?post_type=product&#038;p=6460"},"modified":"2023-11-22T12:54:58","modified_gmt":"2023-11-22T12:54:58","slug":"intensywny-kurs-hiszpanskiego","status":"publish","type":"product","link":"https:\/\/conversaspanishinstitute.com\/pl\/produkt\/intensywny-kurs-hiszpanskiego\/","title":{"rendered":"Intensywny kurs hiszpa\u0144skiego"},"content":{"rendered":"<p><span id=\"attr-85d4d0b1-92b4-426f-9c68-8adecd6f9b4c\">Nasze klasy s\u0105 wyposa\u017cone we wszystko, czego potrzebujesz, aby odnie\u015b\u0107 sukces w nauce. Zapewnimy Ci wszystkie materia\u0142y dostosowane do Twojego poziomu. Po zako\u0144czeniu kursu b\u0119dziesz mie\u0107 mo\u017cliwo\u015b\u0107 dalszego \u0107wiczenia i podnoszenia swojego poziomu dzi\u0119ki uzupe\u0142niaj\u0105cemu kursowi online.<\/span><\/p>\n<p><span id=\"attr-85d4d0b1-92b4-426f-9c68-8adecd6f9b4c\">W ci\u0105gu tygodnia b\u0119dziemy organizowa\u0107 r\u00f3\u017cne zaj\u0119cia w klasie i poza ni\u0105, kt\u00f3re pozwol\u0105 Ci odkry\u0107 hiszpa\u0144sk\u0105 kultur\u0119 w najlepszym wydaniu.<\/span><\/p>\n<p><small><strong>WARUNKI<\/strong><\/small><br \/>\n<small id=\"attr-ab04ca40-8cd4-4d3b-84d9-fea6eb51af49\">Cena obejmuje ksi\u0105\u017cki, dodatkowe zaj\u0119cia i zasoby, 20 godzin\/tydzie\u0144 kursu stacjonarnego i online. Koszty transferu i zakwaterowania nie s\u0105 wliczone w cen\u0119.<\/small><\/p>","protected":false},"excerpt":{"rendered":"<p><em><span id=\"attr-e526a35e-ea36-4abd-9508-ff9268f45266\">Ten kurs jest idealny, aby m\u00f3c<\/span><strong><span id=\"attr-f56e3dfd-2d9a-4ea5-9404-381312b5ecbe\">\u00a0zanurz si\u0119 w j\u0119zyku i kulturze hiszpa\u0144skiej<\/span><\/strong><span id=\"attr-85d4d0b1-92b4-426f-9c68-8adecd6f9b4c\">. 20 lekcji hiszpa\u0144skiego tygodniowo w ci\u0105gu 4 godzin zaj\u0119\u0107 dziennie. Mo\u017cesz r\u00f3wnie\u017c po\u0142\u0105czy\u0107 ten kurs z naszymi prywatnymi lekcjami conversation, aby uzyska\u0107 pe\u0142ne do\u015bwiadczenie.<\/span><\/em><\/p>","protected":false},"featured_media":7532,"comment_status":"closed","ping_status":"closed","template":"","meta":{"_acf_changed":false},"product_brand":[],"product_cat":[266,524],"product_tag":[],"class_list":{"0":"post-6460","1":"product","2":"type-product","3":"status-publish","4":"has-post-thumbnail","6":"product_cat-cursos-intensivos","7":"product_cat-recurrente","9":"first","10":"instock","11":"sold-individually","12":"taxable","13":"shipping-taxable","14":"purchasable","15":"product-type-variable"},"acf":[],"jetpack_sharing_enabled":true,"_links":{"self":[{"href":"https:\/\/conversaspanishinstitute.com\/pl\/wp-json\/wp\/v2\/product\/6460","targetHints":{"allow":["GET"]}}],"collection":[{"href":"https:\/\/conversaspanishinstitute.com\/pl\/wp-json\/wp\/v2\/product"}],"about":[{"href":"https:\/\/conversaspanishinstitute.com\/pl\/wp-json\/wp\/v2\/types\/product"}],"replies":[{"embeddable":true,"href":"https:\/\/conversaspanishinstitute.com\/pl\/wp-json\/wp\/v2\/comments?post=6460"}],"version-history":[{"count":1,"href":"https:\/\/conversaspanishinstitute.com\/pl\/wp-json\/wp\/v2\/product\/6460\/revisions"}],"predecessor-version":[{"id":17465,"href":"https:\/\/conversaspanishinstitute.com\/pl\/wp-json\/wp\/v2\/product\/6460\/revisions\/17465"}],"wp:featuredmedia":[{"embeddable":true,"href":"https:\/\/conversaspanishinstitute.com\/pl\/wp-json\/wp\/v2\/media\/7532"}],"wp:attachment":[{"href":"https:\/\/conversaspanishinstitute.com\/pl\/wp-json\/wp\/v2\/media?parent=6460"}],"wp:term":[{"taxonomy":"product_brand","embeddable":true,"href":"https:\/\/conversaspanishinstitute.com\/pl\/wp-json\/wp\/v2\/product_brand?post=6460"},{"taxonomy":"product_cat","embeddable":true,"href":"https:\/\/conversaspanishinstitute.com\/pl\/wp-json\/wp\/v2\/product_cat?post=6460"},{"taxonomy":"product_tag","embeddable":true,"href":"https:\/\/conversaspanishinstitute.com\/pl\/wp-json\/wp\/v2\/product_tag?post=6460"}],"curies":[{"name":"wp","href":"https:\/\/api.w.org\/{rel}","templated":true}]}}