{"id":9880,"date":"2022-05-24T05:47:21","date_gmt":"2022-05-24T05:47:21","guid":{"rendered":"http:\/\/conversaspanishinstitute.com\/?post_type=product&#038;p=9880"},"modified":"2026-03-27T12:30:41","modified_gmt":"2026-03-27T11:30:41","slug":"przygotowanie-do-egzaminow-z-jezyka-hiszpanskiego-dele-y-siele","status":"publish","type":"product","link":"https:\/\/conversaspanishinstitute.com\/pl\/produkt\/przygotowanie-do-egzaminow-z-jezyka-hiszpanskiego-dele-y-siele\/","title":{"rendered":"Przygotowanie do egzamin\u00f3w z j\u0119zyka hiszpa\u0144skiego DELE i SIELE"},"content":{"rendered":"","protected":false},"excerpt":{"rendered":"","protected":false},"featured_media":9422,"comment_status":"open","ping_status":"closed","template":"","meta":{"_acf_changed":false},"product_brand":[],"product_cat":[259,524],"product_tag":[],"class_list":{"0":"post-9880","1":"product","2":"type-product","3":"status-publish","4":"has-post-thumbnail","6":"product_cat-uncategorized","7":"product_cat-recurrente","9":"first","10":"instock","11":"purchasable","12":"product-type-variable"},"acf":[],"jetpack_sharing_enabled":true,"_links":{"self":[{"href":"https:\/\/conversaspanishinstitute.com\/pl\/wp-json\/wp\/v2\/product\/9880","targetHints":{"allow":["GET"]}}],"collection":[{"href":"https:\/\/conversaspanishinstitute.com\/pl\/wp-json\/wp\/v2\/product"}],"about":[{"href":"https:\/\/conversaspanishinstitute.com\/pl\/wp-json\/wp\/v2\/types\/product"}],"replies":[{"embeddable":true,"href":"https:\/\/conversaspanishinstitute.com\/pl\/wp-json\/wp\/v2\/comments?post=9880"}],"version-history":[{"count":1,"href":"https:\/\/conversaspanishinstitute.com\/pl\/wp-json\/wp\/v2\/product\/9880\/revisions"}],"predecessor-version":[{"id":19092,"href":"https:\/\/conversaspanishinstitute.com\/pl\/wp-json\/wp\/v2\/product\/9880\/revisions\/19092"}],"wp:featuredmedia":[{"embeddable":true,"href":"https:\/\/conversaspanishinstitute.com\/pl\/wp-json\/wp\/v2\/media\/9422"}],"wp:attachment":[{"href":"https:\/\/conversaspanishinstitute.com\/pl\/wp-json\/wp\/v2\/media?parent=9880"}],"wp:term":[{"taxonomy":"product_brand","embeddable":true,"href":"https:\/\/conversaspanishinstitute.com\/pl\/wp-json\/wp\/v2\/product_brand?post=9880"},{"taxonomy":"product_cat","embeddable":true,"href":"https:\/\/conversaspanishinstitute.com\/pl\/wp-json\/wp\/v2\/product_cat?post=9880"},{"taxonomy":"product_tag","embeddable":true,"href":"https:\/\/conversaspanishinstitute.com\/pl\/wp-json\/wp\/v2\/product_tag?post=9880"}],"curies":[{"name":"wp","href":"https:\/\/api.w.org\/{rel}","templated":true}]}}