{"id":13360,"date":"2024-01-05T14:44:45","date_gmt":"2024-01-05T14:44:45","guid":{"rendered":"https:\/\/conversaspanishinstitute.com\/?page_id=13360"},"modified":"2024-03-19T13:53:33","modified_gmt":"2024-03-19T13:53:33","slug":"ofertas-de-empleo-2","status":"publish","type":"page","link":"https:\/\/conversaspanishinstitute.com\/ru\/ofertas-de-empleo-2\/","title":{"rendered":"Ofertas de empleo ELE migrantes"},"content":{"rendered":"<div data-elementor-type=\"wp-page\" data-elementor-id=\"13360\" class=\"elementor elementor-13360\" data-elementor-post-type=\"page\">\n\t\t\t\t\t\t<section data-particle_enable=\"false\" data-particle-mobile-disabled=\"false\" class=\"elementor-section elementor-top-section elementor-element elementor-element-e2dd2dd elementor-section-boxed elementor-section-height-default elementor-section-height-default\" data-id=\"e2dd2dd\" data-element_type=\"section\" data-settings=\"{&quot;jet_parallax_layout_list&quot;:[]}\">\n\t\t\t\t\t\t<div class=\"elementor-container elementor-column-gap-default\">\n\t\t\t\t\t<div class=\"elementor-column elementor-col-100 elementor-top-column elementor-element elementor-element-6689755\" data-id=\"6689755\" data-element_type=\"column\">\n\t\t\t<div class=\"elementor-widget-wrap elementor-element-populated\">\n\t\t\t\t\t\t<div class=\"elementor-element elementor-element-f121937 elementor-widget elementor-widget-heading\" data-id=\"f121937\" data-element_type=\"widget\" data-widget_type=\"heading.default\">\n\t\t\t\t<div class=\"elementor-widget-container\">\n\t\t\t\t\t<h2 class=\"elementor-heading-title elementor-size-default\">Oferta de empleo<br><br>Docente de espa\u00f1ol (ELE) a personas migrantes<\/h2>\t\t\t\t<\/div>\n\t\t\t\t<\/div>\n\t\t\t\t\t<\/div>\n\t\t<\/div>\n\t\t\t\t\t<\/div>\n\t\t<\/section>\n\t\t\t\t<section data-particle_enable=\"false\" data-particle-mobile-disabled=\"false\" class=\"elementor-section elementor-top-section elementor-element elementor-element-c6b5480 elementor-section-boxed elementor-section-height-default elementor-section-height-default\" data-id=\"c6b5480\" data-element_type=\"section\" data-settings=\"{&quot;jet_parallax_layout_list&quot;:[]}\">\n\t\t\t\t\t\t<div class=\"elementor-container elementor-column-gap-default\">\n\t\t\t\t\t<div class=\"elementor-column elementor-col-100 elementor-top-column elementor-element elementor-element-fa98df9\" data-id=\"fa98df9\" data-element_type=\"column\">\n\t\t\t<div class=\"elementor-widget-wrap elementor-element-populated\">\n\t\t\t\t\t\t<div class=\"elementor-element elementor-element-96245ad elementor-widget elementor-widget-text-editor\" data-id=\"96245ad\" data-element_type=\"widget\" data-widget_type=\"text-editor.default\">\n\t\t\t\t<div class=\"elementor-widget-container\">\n\t\t\t\t\t\t\t\t\t<p><span style=\"color: var( --e-global-color-text ); font-family: var( --e-global-typography-text-font-family ), Sans-serif;\">En Conversa Spanish Institute (Valencia) apostamos por la calidad, no solo en nuestros programas y servicios hacia nuestros estudiantes, sino dando prioridad a la satisfacci\u00f3n y reconocimiento de nuestro equipo.<\/span><\/p><p>Si quieres formar parte de la familia Conversa, estamos buscando cubrir una plaza de docente de espa\u00f1ol a un grupo de personas migrantes con incorporaci\u00f3n inmediata.<\/p><p>Buscamos docentes con energ\u00eda y ganas, que quieran formar parte de un equipo din\u00e1mico en una instituci\u00f3n en crecimiento y que tengan experiencia con dar clase en este contexto.<\/p><p>\u00a0<\/p><p>El salario ser\u00e1 acorde a lo establecido dentro del Convenio para Ense\u00f1anzas no Regladas: https:\/\/www.boe.es\/eli\/es\/res\/2022\/07\/19\/(13).<\/p><p>\u00a0<\/p><p>Ofrecemos:<\/p><p>\u2013 Contrato indefinido (6 meses de de periodo de prueba)<\/p><p>-17 horas semanales (15 de clase y 2 de admin) horario 10-1\u00a0<\/p><p>\u2013 Buen ambiente de trabajo y flexibilidad<\/p><p>\u2013 Formaci\u00f3n a cargo de la empresa<\/p><p>\u2013 Materiales did\u00e1cticos y buenas condiciones para la realizaci\u00f3n de la labor docente<\/p><p>\u2013 Incorporaci\u00f3n inmediata<\/p><p>Requisitos:<\/p><ul><li>Buscamos docentes con energ\u00eda y ganas, que sean resolutivos y que trabajen bien en equipo.<\/li><li>Titulaci\u00f3n que acredite para el puesto (Filolog\u00eda, Magisterio, Formaci\u00f3n en ELE, etc.).<\/li><li>Experiencia m\u00ednima en la ense\u00f1anza de idiomas de 6 meses.<\/li><li><b>Imprescindible vivir en Valencia o alrededores.<\/b><\/li><\/ul><p>Se valorar\u00e1:<\/p><ul><li style=\"list-style-type: none;\"><ul><li>El conocimiento de idiomas.<\/li><li>El uso de plataformas educativas y entornos virtuales.<\/li><li>Conocimientos en creaci\u00f3n y adaptaci\u00f3n de materiales did\u00e1cticos.<\/li><li><b>La experiencia con ense\u00f1anza a personas migrantes.<\/b><\/li><\/ul><\/li><\/ul>\t\t\t\t\t\t\t\t<\/div>\n\t\t\t\t<\/div>\n\t\t\t\t<div class=\"elementor-element elementor-element-1e143ff fluent-form-widget-step-header-yes fluent-form-widget-step-progressbar-yes fluentform-widget-submit-button-custom elementor-widget elementor-widget-fluent-form-widget\" data-id=\"1e143ff\" data-element_type=\"widget\" data-widget_type=\"fluent-form-widget.default\">\n\t\t\t\t<div class=\"elementor-widget-container\">\n\t\t\t\t\t\n            <div class=\"fluentform-widget-wrapper fluentform-widget-align-default\">\n\n            \n                        <\/div>\n\n            \t\t\t\t<\/div>\n\t\t\t\t<\/div>\n\t\t\t\t\t<\/div>\n\t\t<\/div>\n\t\t\t\t\t<\/div>\n\t\t<\/section>\n\t\t\t\t<\/div>","protected":false},"excerpt":{"rendered":"<p>Oferta de empleo Docente de espa\u00f1ol (ELE) a personas migrantes En Conversa Spanish Institute (Valencia) apostamos por la calidad, no solo en nuestros programas y servicios hacia nuestros estudiantes, sino dando prioridad a la satisfacci\u00f3n y reconocimiento de nuestro equipo. Si quieres formar parte de la familia Conversa, estamos buscando cubrir una plaza de docente<\/p>","protected":false},"author":1,"featured_media":12411,"parent":0,"menu_order":0,"comment_status":"closed","ping_status":"closed","template":"","meta":{"_acf_changed":false,"footnotes":""},"class_list":["post-13360","page","type-page","status-publish","has-post-thumbnail","hentry"],"acf":[],"jetpack_sharing_enabled":true,"_links":{"self":[{"href":"https:\/\/conversaspanishinstitute.com\/ru\/wp-json\/wp\/v2\/pages\/13360","targetHints":{"allow":["GET"]}}],"collection":[{"href":"https:\/\/conversaspanishinstitute.com\/ru\/wp-json\/wp\/v2\/pages"}],"about":[{"href":"https:\/\/conversaspanishinstitute.com\/ru\/wp-json\/wp\/v2\/types\/page"}],"author":[{"embeddable":true,"href":"https:\/\/conversaspanishinstitute.com\/ru\/wp-json\/wp\/v2\/users\/1"}],"replies":[{"embeddable":true,"href":"https:\/\/conversaspanishinstitute.com\/ru\/wp-json\/wp\/v2\/comments?post=13360"}],"version-history":[{"count":1,"href":"https:\/\/conversaspanishinstitute.com\/ru\/wp-json\/wp\/v2\/pages\/13360\/revisions"}],"predecessor-version":[{"id":13878,"href":"https:\/\/conversaspanishinstitute.com\/ru\/wp-json\/wp\/v2\/pages\/13360\/revisions\/13878"}],"wp:featuredmedia":[{"embeddable":true,"href":"https:\/\/conversaspanishinstitute.com\/ru\/wp-json\/wp\/v2\/media\/12411"}],"wp:attachment":[{"href":"https:\/\/conversaspanishinstitute.com\/ru\/wp-json\/wp\/v2\/media?parent=13360"}],"curies":[{"name":"wp","href":"https:\/\/api.w.org\/{rel}","templated":true}]}}