{"id":13373,"date":"2024-01-07T18:18:31","date_gmt":"2024-01-07T18:18:31","guid":{"rendered":"https:\/\/conversaspanishinstitute.com\/?page_id=13373"},"modified":"2024-01-12T08:12:59","modified_gmt":"2024-01-12T08:12:59","slug":"oferta-de-empleo-ele-online","status":"publish","type":"page","link":"https:\/\/conversaspanishinstitute.com\/ru\/oferta-de-empleo-ele-online\/","title":{"rendered":"Oferta de empleo - ELE online"},"content":{"rendered":"<div data-elementor-type=\"wp-page\" data-elementor-id=\"13373\" class=\"elementor elementor-13373\" data-elementor-post-type=\"page\">\n\t\t\t\t\t\t<section data-particle_enable=\"false\" data-particle-mobile-disabled=\"false\" class=\"elementor-section elementor-top-section elementor-element elementor-element-21b49e5 elementor-section-boxed elementor-section-height-default elementor-section-height-default\" data-id=\"21b49e5\" data-element_type=\"section\" data-e-type=\"section\" data-settings=\"{&quot;jet_parallax_layout_list&quot;:[]}\">\n\t\t\t\t\t\t<div class=\"elementor-container elementor-column-gap-default\">\n\t\t\t\t\t<div class=\"elementor-column elementor-col-100 elementor-top-column elementor-element elementor-element-4f59fee\" data-id=\"4f59fee\" data-element_type=\"column\" data-e-type=\"column\">\n\t\t\t<div class=\"elementor-widget-wrap elementor-element-populated\">\n\t\t\t\t\t\t<div class=\"elementor-element elementor-element-1b8c52d elementor-widget elementor-widget-heading\" data-id=\"1b8c52d\" data-element_type=\"widget\" data-e-type=\"widget\" data-widget_type=\"heading.default\">\n\t\t\t\t<div class=\"elementor-widget-container\">\n\t\t\t\t\t<h2 class=\"elementor-heading-title elementor-size-medium\">Oferta de empleo<\/h2>\t\t\t\t<\/div>\n\t\t\t\t<\/div>\n\t\t\t\t<div class=\"elementor-element elementor-element-11eca2a elementor-widget elementor-widget-heading\" data-id=\"11eca2a\" data-element_type=\"widget\" data-e-type=\"widget\" data-widget_type=\"heading.default\">\n\t\t\t\t<div class=\"elementor-widget-container\">\n\t\t\t\t\t<h2 class=\"elementor-heading-title elementor-size-large\">PROCESO CERRADO <br><br>Docente ELE online horario LATAM<\/h2>\t\t\t\t<\/div>\n\t\t\t\t<\/div>\n\t\t\t\t\t<\/div>\n\t\t<\/div>\n\t\t\t\t\t<\/div>\n\t\t<\/section>\n\t\t\t\t<section data-particle_enable=\"false\" data-particle-mobile-disabled=\"false\" class=\"elementor-section elementor-top-section elementor-element elementor-element-934e70d elementor-section-boxed elementor-section-height-default elementor-section-height-default\" data-id=\"934e70d\" data-element_type=\"section\" data-e-type=\"section\" data-settings=\"{&quot;jet_parallax_layout_list&quot;:[]}\">\n\t\t\t\t\t\t<div class=\"elementor-container elementor-column-gap-default\">\n\t\t\t\t\t<div class=\"elementor-column elementor-col-100 elementor-top-column elementor-element elementor-element-91c4b57\" data-id=\"91c4b57\" data-element_type=\"column\" data-e-type=\"column\">\n\t\t\t<div class=\"elementor-widget-wrap elementor-element-populated\">\n\t\t\t\t\t\t<div class=\"elementor-element elementor-element-1fa1384 elementor-widget elementor-widget-text-editor\" data-id=\"1fa1384\" data-element_type=\"widget\" data-e-type=\"widget\" data-widget_type=\"text-editor.default\">\n\t\t\t\t<div class=\"elementor-widget-container\">\n\t\t\t\t\t\t\t\t\t<p><span style=\"font-weight: 400;\">En Conversa Spanish Institute (Valencia) apostamos por la calidad, no solo en nuestros programas y servicios hacia nuestros estudiantes, sino dando prioridad a la satisfacci\u00f3n y reconocimiento de nuestro equipo.<\/span><\/p><p><span style=\"font-weight: 400;\">Si quieres formar parte de la familia Conversa, estamos buscando cubrir una plaza de <strong>docente de espa\u00f1ol online en horario de LATAM.\u00a0<\/strong><\/span><\/p><p><span style=\"font-weight: 400;\">Buscamos docentes con energ\u00eda y ganas, que quieran formar parte de un equipo din\u00e1mico en una instituci\u00f3n en crecimiento y que tengan experiencia con dar clase en este contexto.<\/span><\/p><p>\u00a0<\/p><p><span style=\"font-weight: 400;\">El salario ser\u00e1 acorde a lo establecido dentro del Convenio para Ense\u00f1anzas no Regladas: https:\/\/www.boe.es\/eli\/es\/res\/2022\/07\/19\/(13).<\/span><\/p><p>\u00a0<\/p><p><span style=\"font-weight: 400;\">Funciones:<\/span><span style=\"font-weight: 400;\"><br \/><\/span><span style=\"font-weight: 400;\">\u2013 Dise\u00f1o y correcci\u00f3n de actividades en nuestra plataforma.<\/span><\/p><p><span style=\"font-weight: 400;\">\u2013 Tutorias, clases de conversaci\u00f3n, clases de cultura en zoom\/google meet.<\/span><span style=\"font-weight: 400;\"><br \/><\/span><span style=\"font-weight: 400;\">\u2013 Impartir el programa educativo creado por Conversa.<\/span><span style=\"font-weight: 400;\"><br \/><\/span><span style=\"font-weight: 400;\">\u2013 Experiencia previa en clases online.<\/span><span style=\"font-weight: 400;\"><br \/><\/span><span style=\"font-weight: 400;\">\u2013 Experiencia con estudiantes de diferentes nacionalidades.<\/span><span style=\"font-weight: 400;\"><br \/><\/span><span style=\"font-weight: 400;\">\u2013 Impartir todos los niveles del MCER (A1-C2).<\/span><span style=\"font-weight: 400;\"><br \/><\/span><span style=\"font-weight: 400;\">\u2013 Tareas acad\u00e9mico-administrativas: grabar listas de asistencia, evaluaci\u00f3n, reuniones, etc.<\/span><\/p><p><span style=\"font-weight: 400;\">Requisitos:<\/span><\/p><ul><li style=\"font-weight: 400;\" aria-level=\"1\"><span style=\"font-weight: 400;\">Experiencia en clases online.<\/span><\/li><li style=\"font-weight: 400;\" aria-level=\"1\"><span style=\"font-weight: 400;\">Buscamos docentes con energ\u00eda y ganas, que sean resolutivos y que trabajen bien en equipo.<\/span><\/li><li style=\"font-weight: 400;\" aria-level=\"1\"><span style=\"font-weight: 400;\">Titulaci\u00f3n que acredite para el puesto (Filolog\u00eda, Magisterio, Formaci\u00f3n en ELE, etc.).<\/span><\/li><li style=\"font-weight: 400;\" aria-level=\"1\"><b>Es imprescindible vivir en LATAM por el horario de nuestros alumnos.<\/b><\/li><\/ul><div><b>\u00a0<\/b><\/div><p><span style=\"font-weight: 400;\">Se valorar\u00e1:<\/span><\/p><ul><li style=\"font-weight: 400;\" aria-level=\"1\"><span style=\"font-weight: 400;\">El conocimiento de idiomas.<\/span><\/li><li style=\"font-weight: 400;\" aria-level=\"1\"><span style=\"font-weight: 400;\">El uso de plataformas educativas y entornos virtuales.<\/span><\/li><li style=\"font-weight: 400;\" aria-level=\"1\"><span style=\"font-weight: 400;\">Conocimientos en creaci\u00f3n y adaptaci\u00f3n de materiales did\u00e1cticos.<\/span><\/li><\/ul>\t\t\t\t\t\t\t\t<\/div>\n\t\t\t\t<\/div>\n\t\t\t\t\t<\/div>\n\t\t<\/div>\n\t\t\t\t\t<\/div>\n\t\t<\/section>\n\t\t\t\t<section data-particle_enable=\"false\" data-particle-mobile-disabled=\"false\" class=\"elementor-section elementor-top-section elementor-element elementor-element-9c5671a elementor-section-boxed elementor-section-height-default elementor-section-height-default\" data-id=\"9c5671a\" data-element_type=\"section\" data-e-type=\"section\" data-settings=\"{&quot;jet_parallax_layout_list&quot;:[]}\">\n\t\t\t\t\t\t<div class=\"elementor-container elementor-column-gap-default\">\n\t\t\t\t\t<div class=\"elementor-column elementor-col-100 elementor-top-column elementor-element elementor-element-81735a6\" data-id=\"81735a6\" data-element_type=\"column\" data-e-type=\"column\">\n\t\t\t<div class=\"elementor-widget-wrap elementor-element-populated\">\n\t\t\t\t\t\t<div class=\"elementor-element elementor-element-8c3dd23 fluent-form-widget-step-header-yes fluent-form-widget-step-progressbar-yes fluentform-widget-submit-button-custom elementor-widget elementor-widget-fluent-form-widget\" data-id=\"8c3dd23\" data-element_type=\"widget\" data-e-type=\"widget\" data-widget_type=\"fluent-form-widget.default\">\n\t\t\t\t<div class=\"elementor-widget-container\">\n\t\t\t\t\t\n            <div class=\"fluentform-widget-wrapper fluentform-widget-align-default\">\n\n            \n                        <\/div>\n\n            \t\t\t\t<\/div>\n\t\t\t\t<\/div>\n\t\t\t\t\t<\/div>\n\t\t<\/div>\n\t\t\t\t\t<\/div>\n\t\t<\/section>\n\t\t\t\t<\/div>","protected":false},"excerpt":{"rendered":"<p>Oferta de empleo PROCESO CERRADO Docente ELE online horario LATAM En Conversa Spanish Institute (Valencia) apostamos por la calidad, no solo en nuestros programas y servicios hacia nuestros estudiantes, sino dando prioridad a la satisfacci\u00f3n y reconocimiento de nuestro equipo. Si quieres formar parte de la familia Conversa, estamos buscando cubrir una plaza de docente [&hellip;]<\/p>\n","protected":false},"author":1,"featured_media":0,"parent":0,"menu_order":0,"comment_status":"closed","ping_status":"closed","template":"","meta":{"_acf_changed":false,"footnotes":""},"class_list":["post-13373","page","type-page","status-publish","hentry"],"acf":[],"jetpack_sharing_enabled":true,"_links":{"self":[{"href":"https:\/\/conversaspanishinstitute.com\/ru\/wp-json\/wp\/v2\/pages\/13373","targetHints":{"allow":["GET"]}}],"collection":[{"href":"https:\/\/conversaspanishinstitute.com\/ru\/wp-json\/wp\/v2\/pages"}],"about":[{"href":"https:\/\/conversaspanishinstitute.com\/ru\/wp-json\/wp\/v2\/types\/page"}],"author":[{"embeddable":true,"href":"https:\/\/conversaspanishinstitute.com\/ru\/wp-json\/wp\/v2\/users\/1"}],"replies":[{"embeddable":true,"href":"https:\/\/conversaspanishinstitute.com\/ru\/wp-json\/wp\/v2\/comments?post=13373"}],"version-history":[{"count":0,"href":"https:\/\/conversaspanishinstitute.com\/ru\/wp-json\/wp\/v2\/pages\/13373\/revisions"}],"wp:attachment":[{"href":"https:\/\/conversaspanishinstitute.com\/ru\/wp-json\/wp\/v2\/media?parent=13373"}],"curies":[{"name":"wp","href":"https:\/\/api.w.org\/{rel}","templated":true}]}}