{"id":11015,"date":"2022-10-16T15:50:40","date_gmt":"2022-10-16T15:50:40","guid":{"rendered":"http:\/\/conversaspanishinstitute.com\/?post_type=product&#038;p=11015"},"modified":"2022-10-31T08:18:09","modified_gmt":"2022-10-31T08:18:09","slug":"curso-online-espanol-para-guias-turisticos","status":"publish","type":"product","link":"https:\/\/conversaspanishinstitute.com\/ru\/%d0%bf%d1%80%d0%be%d0%b4%d1%83%d0%ba%d1%82\/curso-online-espanol-para-guias-turisticos\/","title":{"rendered":"Curso online Espa\u00f1ol para gu\u00edas tur\u00edsticos"},"content":{"rendered":"","protected":false},"excerpt":{"rendered":"","protected":false},"featured_media":10987,"comment_status":"open","ping_status":"closed","template":"","meta":{"_acf_changed":false},"product_brand":[],"product_cat":[401],"product_tag":[],"class_list":{"0":"post-11015","1":"product","2":"type-product","3":"status-publish","4":"has-post-thumbnail","6":"product_cat-cursos-universitarios","8":"first","9":"instock","10":"virtual","11":"taxable","12":"purchasable","13":"product-type-simple"},"acf":[],"jetpack_sharing_enabled":true,"_links":{"self":[{"href":"https:\/\/conversaspanishinstitute.com\/ru\/wp-json\/wp\/v2\/product\/11015","targetHints":{"allow":["GET"]}}],"collection":[{"href":"https:\/\/conversaspanishinstitute.com\/ru\/wp-json\/wp\/v2\/product"}],"about":[{"href":"https:\/\/conversaspanishinstitute.com\/ru\/wp-json\/wp\/v2\/types\/product"}],"replies":[{"embeddable":true,"href":"https:\/\/conversaspanishinstitute.com\/ru\/wp-json\/wp\/v2\/comments?post=11015"}],"version-history":[{"count":0,"href":"https:\/\/conversaspanishinstitute.com\/ru\/wp-json\/wp\/v2\/product\/11015\/revisions"}],"wp:featuredmedia":[{"embeddable":true,"href":"https:\/\/conversaspanishinstitute.com\/ru\/wp-json\/wp\/v2\/media\/10987"}],"wp:attachment":[{"href":"https:\/\/conversaspanishinstitute.com\/ru\/wp-json\/wp\/v2\/media?parent=11015"}],"wp:term":[{"taxonomy":"product_brand","embeddable":true,"href":"https:\/\/conversaspanishinstitute.com\/ru\/wp-json\/wp\/v2\/product_brand?post=11015"},{"taxonomy":"product_cat","embeddable":true,"href":"https:\/\/conversaspanishinstitute.com\/ru\/wp-json\/wp\/v2\/product_cat?post=11015"},{"taxonomy":"product_tag","embeddable":true,"href":"https:\/\/conversaspanishinstitute.com\/ru\/wp-json\/wp\/v2\/product_tag?post=11015"}],"curies":[{"name":"wp","href":"https:\/\/api.w.org\/{rel}","templated":true}]}}